{"id":175,"date":"2020-01-21T09:10:24","date_gmt":"2020-01-21T09:10:24","guid":{"rendered":"http:\/\/tsv-mimmenhausen.eu\/?page_id=175"},"modified":"2026-02-05T14:57:02","modified_gmt":"2026-02-05T14:57:02","slug":"impressum","status":"publish","type":"page","link":"https:\/\/tsv-mimmenhausen.de\/?page_id=175","title":{"rendered":"Impressum"},"content":{"rendered":"\n<p><strong>Angaben gem\u00e4\u00df \u00a7 5 TMG:<\/strong><\/p>\n\n\n\n<p>TSV\nMimmenhausen 1899 e.V.<br>\nGeorg F. Rayczyk<\/p>\n\n\n\n<p><strong>Postanschrift:<\/strong><\/p>\n\n\n\n<p>Abt-Thomas-Str.\n4<br>\n88682 Salem<\/p>\n\n\n\n<p><strong>Kontakt:<\/strong><\/p>\n\n\n\n<p>Telefon: 07553502<br>Telefax: 07553828079<br>E-Mail: vorstand@tsv-mimmenhausen.de<\/p>\n\n\n\n<p><strong>Vertreten durch:<\/strong><\/p>\n\n\n\n<p>Thomas Schmid\u00a0\u00a0\u00a0\u00a0\u00a0\u00a0\u00a01. Vorsitzender <br>Georg F. Rayczyk \u00a0\u00a0\u00a0 2. Vorsitzender<\/p>\n\n\n\n<p><strong>Eingetragen am<\/strong><\/p>\n\n\n\n<p>Amtsgericht\nFreiburg<br>\nVR 580098<\/p>\n\n\n\n<h2 class=\"wp-block-heading\">Hinweise zur Website<\/h2>\n\n\n\n<h3 class=\"wp-block-heading\">Verantwortlich f\u00fcr journalistisch-redaktionelle Inhalte ist:<\/h3>\n\n\n\n<p>Georg F. Rayczyk<\/p>\n\n\n\n<h2 class=\"wp-block-heading\">Information gem\u00e4\u00df \u00a7 36 VSBG<\/h2>\n\n\n\n<p>Gem\u00e4\u00df \u00a7 36 VSBG (Verbraucherstreitbeilegungsgesetz \u2013 Gesetz \u00fcber die\nalternative Streitbeilegung in Verbrauchersachen) erkl\u00e4rt der Betreiber dieser\nWebsite:<\/p>\n\n\n\n<p>Wir sind weder bereit noch verpflichtet, an Streitbeilegungsverfahren vor\neiner Verbraucherschlichtungsstelle teilzunehmen.<\/p>\n\n\n\n<p><em>Das Impressum wurde mit dem <\/em><a href=\"https:\/\/www.activemind.de\/datenschutz\/impressums-generator\/\"><em>Impressums-Generator\nder activeMind AG<\/em><\/a><em> erstellt.<\/em><\/p>\n","protected":false},"excerpt":{"rendered":"<p>Angaben gem\u00e4\u00df \u00a7 5 TMG: TSV Mimmenhausen 1899 e.V. Georg F. Rayczyk Postanschrift: Abt-Thomas-Str. 4 88682 Salem Kontakt: Telefon: 07553502Telefax: 07553828079E-Mail: vorstand@tsv-mimmenhausen.de Vertreten durch: Thomas Schmid\u00a0\u00a0\u00a0\u00a0\u00a0\u00a0\u00a01. Vorsitzender Georg F. Rayczyk \u00a0\u00a0\u00a0 2. Vorsitzender Eingetragen am Amtsgericht Freiburg VR 580098 Hinweise zur Website Verantwortlich f\u00fcr journalistisch-redaktionelle Inhalte ist: Georg F. Rayczyk Information gem\u00e4\u00df \u00a7 36 VSBG [&hellip;]<\/p>\n","protected":false},"author":1,"featured_media":0,"parent":0,"menu_order":0,"comment_status":"closed","ping_status":"closed","template":"templates\/template-full-width.php","meta":{"_acf_changed":false,"footnotes":""},"class_list":["post-175","page","type-page","status-publish","hentry"],"acf":[],"_links":{"self":[{"href":"https:\/\/tsv-mimmenhausen.de\/index.php?rest_route=\/wp\/v2\/pages\/175","targetHints":{"allow":["GET"]}}],"collection":[{"href":"https:\/\/tsv-mimmenhausen.de\/index.php?rest_route=\/wp\/v2\/pages"}],"about":[{"href":"https:\/\/tsv-mimmenhausen.de\/index.php?rest_route=\/wp\/v2\/types\/page"}],"author":[{"embeddable":true,"href":"https:\/\/tsv-mimmenhausen.de\/index.php?rest_route=\/wp\/v2\/users\/1"}],"replies":[{"embeddable":true,"href":"https:\/\/tsv-mimmenhausen.de\/index.php?rest_route=%2Fwp%2Fv2%2Fcomments&post=175"}],"version-history":[{"count":2,"href":"https:\/\/tsv-mimmenhausen.de\/index.php?rest_route=\/wp\/v2\/pages\/175\/revisions"}],"predecessor-version":[{"id":896,"href":"https:\/\/tsv-mimmenhausen.de\/index.php?rest_route=\/wp\/v2\/pages\/175\/revisions\/896"}],"wp:attachment":[{"href":"https:\/\/tsv-mimmenhausen.de\/index.php?rest_route=%2Fwp%2Fv2%2Fmedia&parent=175"}],"curies":[{"name":"wp","href":"https:\/\/api.w.org\/{rel}","templated":true}]}}